{"id":626,"date":"2024-01-19T19:48:06","date_gmt":"2024-01-19T19:48:06","guid":{"rendered":"https:\/\/cheestrings.ca\/products-new-flavours\/"},"modified":"2024-04-12T15:57:43","modified_gmt":"2024-04-12T15:57:43","slug":"products","status":"publish","type":"page","link":"https:\/\/www.cheestrings.ca\/fr\/products\/","title":{"rendered":"Produits"},"content":{"rendered":"\n<div class=\"wp-block-group products-hero is-layout-flow wp-block-group-is-layout-flow\">\n<figure class=\"wp-block-image size-full is-resized products-one-hundred-percent-real is-style-default\"><img loading=\"lazy\" decoding=\"async\" src=\"https:\/\/cheestrings.ca\/wp-content\/uploads\/2021\/08\/one-hundred-percent-fr.svg\" alt=\"100 % VRAI FROMAGE 100 % AMUSANT\" class=\"wp-image-64\" width=\"1169\" height=\"420\"\/><\/figure>\n\n\n\n<figure class=\"wp-block-image size-full is-resized products-cheesy-products\"><img loading=\"lazy\" decoding=\"async\" src=\"https:\/\/cheestrings.ca\/wp-content\/uploads\/2021\/08\/cheesy-mascot-products.svg\" alt=\"Cheesy Slam Dunk!\" class=\"wp-image-136\" width=\"431\" height=\"473\" title=\"\"\/><\/figure>\n\n\n\n<p>Faites de vrai fromage \u00e0 100 %, les collations Ficello<sup>\u00ae<\/sup> de Black&nbsp;Diamond<sup>\u00ae<\/sup> &nbsp;sont toujours amusantes et nutritives, peu importe comment elles sont effiloch\u00e9es. Sans colorants ni ar\u00f4mes artificiels et sans agents de conservation ajout\u00e9s, comme tous les autres fromages pizza mozzarella, la seule r\u00e8gle de Ficello<sup>\u00ae<\/sup> de Black&nbsp;Diamond<sup>\u00ae<\/sup> est de s\u2019amuser avec les aliments.<\/p>\n<\/div>\n\n\n\n<div class=\"product\">\n  <div class=\"grouping\">\n    <div class=\"image\"><img decoding=\"async\" src=\"\/wp-content\/uploads\/2021\/08\/Marble_8ct.png\"><\/div>\n    <div class=\"details\">\n      <h1>Marbr\u00e9<\/h1>\n      <p>Un d\u00e9licieux m\u00e9lange de fromage blanc et orange, amusant \u00e0 effilocher.<\/p>\n      <ul class=\"keys\">\n        <li><img decoding=\"async\" src=\"\/wp-content\/uploads\/2021\/08\/fr-source-of-calcium.svg\" alt=\"Source de calcium\" class=\"icon-calcium\"><\/li>\n        <li><img decoding=\"async\" src=\"\/wp-content\/uploads\/2021\/08\/fr-high-in-protien.svg\" alt=\"Teneur \u00e9lev\u00e9e en prot\u00e9ines\" class=\"icon-protein\"><\/li>\n        <li><img decoding=\"async\" src=\"\/wp-content\/uploads\/2021\/08\/fr-no-artificial.svg\" alt=\"Sans colorants ni ar\u00f4mes artificiels\" class=\"icon-artificial\"><\/li>\n      <\/ul>\n      <div class=\"buttons\">\n        <button class=\"product-btn nutri-btn\">Nutrition<\/button>\n        <button class=\"product-btn ingredients-btn\">Ingr\u00e9dients<\/button>\n      <\/div>\n      <p class=\"packages\">Offert en emballages de 8 unit\u00e9s (168 g), 16 unit\u00e9s (336 g), 28 unit\u00e9s (588 g) et 40&nbsp;unit\u00e9s&nbsp;(840&nbsp;g)<\/p>\n      <div class=\"nutri\"><img decoding=\"async\" src=\"\/wp-content\/uploads\/2021\/08\/nutri-marble-fr.svg\"><\/div>\n      <div class=\"ingredients\"><img decoding=\"async\" src=\"\/wp-content\/uploads\/2021\/08\/ingredients-marble-v2-fr.svg\"><\/div>\n    <\/div>\n  <\/div>\n<\/div>\n\n\n\n<div class=\"product\">\n  <div class=\"grouping\">\n    <div class=\"image\"><img decoding=\"async\" src=\"\/wp-content\/uploads\/2021\/08\/Mozzarella_8ct.png\" alt=\"Mozzarella Cheestrings\"><\/div>\n    <div class=\"details\">\n      <h1>Mozzarella<\/h1>\n      <p>D\u00e9licieux fromage pizza mozzarella effilochable fait \u00e0 partir de lait sain et nutritif.<\/p>\n      <ul class=\"keys\">\n        <li><img decoding=\"async\" src=\"\/wp-content\/uploads\/2021\/08\/fr-source-of-calcium.svg\" alt=\"Source de calcium\" class=\"icon-calcium\"><\/li>\n        <li><img decoding=\"async\" src=\"\/wp-content\/uploads\/2021\/08\/fr-high-in-protien.svg\" alt=\"Teneur \u00e9lev\u00e9e en prot\u00e9ines\" class=\"icon-protein\"><\/li>\n        <li><img decoding=\"async\" src=\"\/wp-content\/uploads\/2021\/08\/fr-no-artificial.svg\" alt=\"Sans colorants ni ar\u00f4mes artificiels\" class=\"icon-artificial\"><\/li>\n      <\/ul>\n      <div class=\"buttons\">\n        <button class=\"product-btn nutri-btn\">Nutrition<\/button>\n        <button class=\"product-btn ingredients-btn\">Ingr\u00e9dients<\/button>\n      <\/div>\n      <p class=\"packages\">Offert en emballages de 8 unit\u00e9s (168 g), 16 unit\u00e9s (336 g), et 28&nbsp;unit\u00e9s&nbsp;(588&nbsp;g)<\/p>\n      <div class=\"nutri\"><img decoding=\"async\" src=\"\/wp-content\/uploads\/2021\/08\/nutri-mozzarella-fr.svg\"><\/div>\n      <div class=\"ingredients\"><img decoding=\"async\" src=\"\/wp-content\/uploads\/2021\/08\/ingredients-mozzarella-fr.svg\"><\/div>\n    <\/div>\n  <\/div>\n<\/div>\n\n\n\n<div class=\"product\">\n  <div class=\"grouping\">\n    <div class=\"image\"><img decoding=\"async\" src=\"\/wp-content\/uploads\/2021\/08\/Coloured_Cheddar_8ct_fr.png\" alt=\"Go\u00fbt Cheddar\"><\/div>\n    <div class=\"details\">\n      <h1>Go\u00fbt Cheddar<\/h1>\n      <p>Fromage Pizza mozzarella effilochable d\u00e9bordant du d\u00e9licieux go\u00fbt de cheddar.<\/p>\n      <ul class=\"keys\">\n        <li><img decoding=\"async\" src=\"\/wp-content\/uploads\/2021\/08\/fr-source-of-calcium.svg\" alt=\"Source de calcium\" class=\"icon-calcium\"><\/li>\n        <li><img decoding=\"async\" src=\"\/wp-content\/uploads\/2021\/08\/fr-high-in-protien.svg\" alt=\"Teneur \u00e9lev\u00e9e en prot\u00e9ines\" class=\"icon-protein\"><\/li>\n        <li><img decoding=\"async\" src=\"\/wp-content\/uploads\/2021\/08\/fr-no-artificial.svg\" alt=\"Sans colorants ni ar\u00f4mes artificiels\" class=\"icon-artificial\"><\/li>\n      <\/ul>\n      <div class=\"buttons\">\n        <button class=\"product-btn nutri-btn\">Nutrition<\/button>\n        <button class=\"product-btn ingredients-btn\">Ingr\u00e9dients<\/button>\n      <\/div>\n      <p class=\"packages\">Offert en emballages de 16&nbsp;unit\u00e9s&nbsp;(336&nbsp;g)<\/p>\n      <div class=\"nutri\"><img decoding=\"async\" src=\"\/wp-content\/uploads\/2021\/08\/nutri-cheddar-fr.svg\"><\/div>\n      <div class=\"ingredients\"><img decoding=\"async\" src=\"\/wp-content\/uploads\/2021\/08\/ingredients-cheddar-fr.svg\"><\/div>\n    <\/div>\n  <\/div>\n<\/div>\n\n\n\n<div class=\"product\">\n  <div class=\"grouping\">\n    <div class=\"image\"><img decoding=\"async\" src=\"\/wp-content\/uploads\/2021\/08\/Marble_Lactose_Free_12ct.png\" alt=\"Marbr\u00e9 sans lactose\"><\/div>\n    <div class=\"details\">\n      <h1>Marbr\u00e9 sans&nbsp;lactose<\/h1>\n      <p>M\u00eame  go\u00fbt que le fromage marbr\u00e9, mais sans lactose.<\/p>\n      <ul class=\"keys\">\n        <li><img decoding=\"async\" src=\"\/wp-content\/uploads\/2021\/08\/fr-source-of-calcium.svg\" alt=\"Source de calcium\" class=\"icon-calcium\"><\/li>\n        <li><img decoding=\"async\" src=\"\/wp-content\/uploads\/2021\/08\/fr-high-in-protien.svg\" alt=\"Teneur \u00e9lev\u00e9e en prot\u00e9ines\" class=\"icon-protein\"><\/li>\n        <li><img decoding=\"async\" src=\"\/wp-content\/uploads\/2021\/08\/fr-no-artificial.svg\" alt=\"Sans colorants ni ar\u00f4mes artificiels\" class=\"icon-artificial\"><\/li>\n        <li><img decoding=\"async\" src=\"\/wp-content\/uploads\/2021\/08\/fr-lactose-free.svg\" alt=\"Sans lactose\" class=\"icon-lf\"><\/li>\n      <\/ul>\n      <div class=\"buttons\">\n        <button class=\"product-btn nutri-btn\">Nutrition<\/button>\n        <button class=\"product-btn ingredients-btn\">Ingr\u00e9dients<\/button>\n      <\/div>\n      <p class=\"packages\">Offert en emballage de 12 unit\u00e9s (252 g)<\/p>\n      <div class=\"nutri\"><img decoding=\"async\" src=\"\/wp-content\/uploads\/2021\/08\/nutri-lf-marble-fr.svg\"><\/div>\n      <div class=\"ingredients\"><img decoding=\"async\" src=\"\/wp-content\/uploads\/2021\/08\/ingredients-lf-marble-fr.svg\"><\/div>\n    <\/div>\n  <\/div>\n<\/div>\n\n\n\n<div class=\"product\">\n  <div class=\"grouping\">\n    <div class=\"image\"><img decoding=\"async\" src=\"\/wp-content\/uploads\/2021\/08\/LFMOZZA_12ct.png\" alt=\"Mozzarella sans lactose\"><\/div>\n    <div class=\"details\">\n      <h1>Mozzarella sans&nbsp;lactose <\/h1>\n      <p>D\u00e9licieuse mozzarella effilochable, sans lactose. <\/p>\n      <ul class=\"keys\">\n        <li><img decoding=\"async\" src=\"\/wp-content\/uploads\/2021\/08\/fr-source-of-calcium.svg\" alt=\"Source de calcium\" class=\"icon-calcium\"><\/li>\n        <li><img decoding=\"async\" src=\"\/wp-content\/uploads\/2021\/08\/fr-high-in-protien.svg\" alt=\"Teneur \u00e9lev\u00e9e en prot\u00e9ines\" class=\"icon-protein\"><\/li>\n        <li><img decoding=\"async\" src=\"\/wp-content\/uploads\/2021\/08\/fr-no-artificial.svg\" alt=\"Sans colorants ni ar\u00f4mes artificiels\" class=\"icon-artificial\"><\/li>\n        <li><img decoding=\"async\" src=\"\/wp-content\/uploads\/2021\/08\/fr-lactose-free.svg\" alt=\"Sans lactose\" class=\"icon-lf\"><\/li>\n      <\/ul>\n      <div class=\"buttons\">\n        <button class=\"product-btn nutri-btn\">Nutrition<\/button>\n        <button class=\"product-btn ingredients-btn\">Ingr\u00e9dients<\/button>\n      <\/div>\n      <p class=\"packages\">Offert en emballage de 12&nbsp;unit\u00e9s&nbsp;(252&nbsp;g)<\/p>\n      <div class=\"nutri\"><img decoding=\"async\" src=\"\/wp-content\/uploads\/2021\/08\/nutri-lf-mozzarella-fr.svg\"><\/div>\n      <div class=\"ingredients\"><img decoding=\"async\" src=\"\/wp-content\/uploads\/2021\/08\/ingredients-lf-mozzarella-fr.svg\"><\/div>\n    <\/div>\n  <\/div>\n<\/div>\n\n\n\n<div class=\"product\">\n  <div class=\"grouping\">\n    <div class=\"image\"><img decoding=\"async\" src=\"\/wp-content\/uploads\/2021\/09\/Marble_Probiotic_12ct.png\" alt=\"Marbr\u00e9 probiotique\"><\/div>\n    <div class=\"details\">\n      <h1>Marbr\u00e9 probiotique<\/h1>\n      <p>Nouveau! M\u00eame go\u00fbt d\u00e9licieux de fromage marbr\u00e9 avec les bienfaits de 1 milliard de probiotiques actifs.<\/p>\n      <ul class=\"keys\">\n        <li><img decoding=\"async\" src=\"\/wp-content\/uploads\/2021\/08\/fr-source-of-calcium.svg\" alt=\"Source de calcium\" class=\"icon-calcium\"><\/li>\n        <li><img decoding=\"async\" src=\"\/wp-content\/uploads\/2021\/08\/fr-high-in-protien.svg\" alt=\"Teneur \u00e9lev\u00e9e en prot\u00e9ines\" class=\"icon-protein\"><\/li>\n        <li><img decoding=\"async\" src=\"\/wp-content\/uploads\/2021\/08\/fr-no-artificial.svg\" alt=\"Sans colorants ni ar\u00f4mes artificiels\" class=\"icon-artificial\"><\/li>\n        <li><img decoding=\"async\" src=\"\/wp-content\/uploads\/2021\/08\/fr-probiotics.svg\" alt=\"1 000 000 000 de probiotiques\" class=\"icon-probiotics\"><\/li>\n      <\/ul>\n      <div class=\"buttons\">\n        <button class=\"product-btn nutri-btn\">Nutrition<\/button><button class=\"product-btn ingredients-btn\">Ingr\u00e9dients<\/button>\n      <\/div>\n      <p class=\"packages\">Offert en emballage de 12&nbsp;unit\u00e9s&nbsp;(252&nbsp;g)<\/p>\n      <div class=\"nutri\"><img decoding=\"async\" src=\"\/wp-content\/uploads\/2021\/08\/nutri-pro-marble-fr.svg\"><\/div>\n      <div class=\"ingredients\"><img decoding=\"async\" src=\"\/wp-content\/uploads\/2021\/08\/ingredients-pro-marble-fr.svg\"><\/div>\n    <\/div>\n  <\/div>\n<\/div>\n\n\n<div class=\"product\">\n<div class=\"grouping\">\n<div class=\"image\"><img decoding=\"async\" src=\"\/wp-content\/uploads\/2023\/03\/pack-1.webp\" alt=\"Jalapeno\"><\/div>\n<div class=\"details\">\n<h1 style=\"color:#006e43;\">X-TREME Jalape\u00f1o<\/h1>\n<p style=\"color:#006e43;\">Excite tes papilles avec plus d\u2019\u00e9nergie dans chaque ficelle!<\/p>\n<ul class=\"keys\">\n<li><img decoding=\"async\" src=\"\/wp-content\/uploads\/2023\/03\/fr-source-of-calcium-green.svg\" alt=\"Source de calcium\" class=\"icon-calcium\"><\/li>\n<li><img decoding=\"async\" src=\"\/wp-content\/uploads\/2023\/03\/fr-high-in-protien-green.svg\" alt=\"Teneur \u00e9lev\u00e9e en prot\u00e9ines\" class=\"icon-protein\"><\/li>\n<li><img decoding=\"async\" src=\"\/wp-content\/uploads\/2023\/03\/fr-no-artificial-green.svg\" alt=\"Sans colorants ni ar\u00f4mes artificiels\" class=\"icon-artificial\"><\/li>\n<li><img decoding=\"async\" src=\"\/wp-content\/uploads\/2023\/03\/fr-jalepno-2.svg\" alt=\"Saveur de jalape\u00f1o piquant\" class=\"icon-probiotics\"><\/li>\n<\/ul>\n<div class=\"buttons\">        <button class=\"product-btn nutri-btn\">Nutrition<\/button><button class=\"product-btn ingredients-btn\">Ingr\u00e9dients<\/button>\n      <\/div>\n<p class=\"packages\" style=\"color:#006e43;\">Offert en emballage de 12&nbsp;unit\u00e9s&nbsp;(252&nbsp;g)<\/p>\n<div class=\"nutri\"><img decoding=\"async\" src=\"\/wp-content\/uploads\/2023\/03\/nutri-jalapeno-fr-1.svg\"><\/div>\n<div class=\"ingredients\"><img decoding=\"async\" src=\"\/wp-content\/uploads\/2023\/03\/ingredients-jalapeno-fr-1.svg\"><\/div>\n<p><\/p>\n<\/div>\n<\/div>\n<\/div>\n<p><!-- \/wp:post-content -->\n\n<!-- wp:html -->\n<div class=\"product\">\n  <div class=\"grouping\">\n    <div class=\"image\"><img decoding=\"async\" src=\"\/wp-content\/uploads\/2023\/12\/pizza.png\" alt=\"X-TREME Pizza\"><\/div>\n    <div class=\"details\" style=\"color:#a12136\">\n      <h1>X-TREME Pizza<\/h1>\n         <p>Nouveau! Une saveur de pizza audacieuse sans le bazar des pizzas!<\/p>\n      <ul class=\"keys\">\n        <li><img decoding=\"async\" src=\"\/wp-content\/uploads\/2024\/03\/pizza-calcium.png\" alt=\"Source de calcium\" class=\"icon-calcium\"><\/li>\n        <li><img decoding=\"async\" src=\"\/wp-content\/uploads\/2024\/03\/pizza-protein.png\" alt=\"Teneur \u00e9lev\u00e9e en prot\u00e9ines\" class=\"icon-protein\"><\/li>\n        <li><img decoding=\"async\" src=\"\/wp-content\/uploads\/2024\/03\/pizza-artificial.png\" alt=\"Sans colorants ni ar\u00f4mes artificiels\" class=\"icon-artificial\"><\/li>\n      <\/ul>\n      <div class=\"buttons\">\n        <button class=\"product-btn nutri-btn\">Nutrition<\/button>\n        <button class=\"product-btn ingredients-btn\">Ingr\u00e9dients<\/button>\n      <\/div>\n      <p class=\"packages\">Offert en emballage 12 unit\u00e9s (252 g). Ne contient pas d\u2019ar\u00f4mes de viande ou de pepperoni.<\/p>\n      <div class=\"nutri\"><img decoding=\"async\" src=\"\/wp-content\/uploads\/2024\/04\/pizzanft.png\"><\/div>\n      <div class=\"ingredients\"><img decoding=\"async\" src=\"\/wp-content\/uploads\/2024\/03\/pizzafr-1.png\"><\/div>\n    <\/div>\n  <\/div>\n<\/div>\n<!-- \/wp:html -->\n<!-- wp:html -->\n<div class=\"product\">\n  <div class=\"grouping\">\n    <div class=\"image\"><img decoding=\"async\" src=\"\/wp-content\/uploads\/2023\/12\/nacho.png\" alt=\"X-TREME Nacho\"><\/div>\n    <div class=\"details\" style=\"color:#ff6c15;\">\n      <h1>X-TREME Nacho<\/h1>\n      <p>Nouveau! Faites des nachos de COMP\u00c9TITION!<\/p>\n      <ul class=\"keys\">\n        <li><img decoding=\"async\" src=\"\/wp-content\/uploads\/2024\/03\/nacho-calcium.png\" alt=\"Source de calcium\" class=\"icon-calcium\"><\/li>\n        <li><img decoding=\"async\" src=\"\/wp-content\/uploads\/2024\/03\/nacho-protein.png\" alt=\"Teneur \u00e9lev\u00e9e en prot\u00e9ines\" class=\"icon-protein\"><\/li>\n        <li><img decoding=\"async\" src=\"\/wp-content\/uploads\/2024\/03\/nacho-artificial.png\" alt=\"Sans colorants ni ar\u00f4mes artificiels\" class=\"icon-artificial\"><\/li>\n      <\/ul>\n      <div class=\"buttons\">\n        <button class=\"product-btn nutri-btn\">Nutrition<\/button>\n        <button class=\"product-btn ingredients-btn\">Ingr\u00e9dients<\/button>\n      <\/div>\n      <p class=\"packages\">Offert en emballage 12 unit\u00e9s (252 g)<\/p>\n      <div class=\"nutri\"><img decoding=\"async\" src=\"\/wp-content\/uploads\/2024\/04\/nachonft.png\"><\/div>\n      <div class=\"ingredients\"><img decoding=\"async\" src=\"\/wp-content\/uploads\/2024\/03\/nachofr-3.png\"><\/div>\n    <\/div>\n  <\/div>\n<\/div>\n<!-- \/wp:html --><\/p>","protected":false},"excerpt":{"rendered":"<p>Faites de vrai fromage \u00e0 100 %, les collations Ficello\u00ae de Black&nbsp;Diamond\u00ae &nbsp;sont toujours amusantes et nutritives, peu importe comment elles sont effiloch\u00e9es. Sans colorants ni ar\u00f4mes artificiels et sans agents de conservation ajout\u00e9s, comme tous les autres fromages pizza mozzarella, la seule r\u00e8gle de Ficello\u00ae de Black&nbsp;Diamond\u00ae est de s\u2019amuser avec les aliments. Marbr\u00e9 &hellip; <a href=\"https:\/\/www.cheestrings.ca\/fr\/products\/\">Continued<\/a><\/p>\n","protected":false},"author":2,"featured_media":0,"parent":0,"menu_order":0,"comment_status":"closed","ping_status":"closed","template":"","meta":{"footnotes":""},"class_list":["post-626","page","type-page","status-publish","hentry"],"_links":{"self":[{"href":"https:\/\/www.cheestrings.ca\/fr\/wp-json\/wp\/v2\/pages\/626","targetHints":{"allow":["GET"]}}],"collection":[{"href":"https:\/\/www.cheestrings.ca\/fr\/wp-json\/wp\/v2\/pages"}],"about":[{"href":"https:\/\/www.cheestrings.ca\/fr\/wp-json\/wp\/v2\/types\/page"}],"author":[{"embeddable":true,"href":"https:\/\/www.cheestrings.ca\/fr\/wp-json\/wp\/v2\/users\/2"}],"replies":[{"embeddable":true,"href":"https:\/\/www.cheestrings.ca\/fr\/wp-json\/wp\/v2\/comments?post=626"}],"version-history":[{"count":14,"href":"https:\/\/www.cheestrings.ca\/fr\/wp-json\/wp\/v2\/pages\/626\/revisions"}],"predecessor-version":[{"id":799,"href":"https:\/\/www.cheestrings.ca\/fr\/wp-json\/wp\/v2\/pages\/626\/revisions\/799"}],"wp:attachment":[{"href":"https:\/\/www.cheestrings.ca\/fr\/wp-json\/wp\/v2\/media?parent=626"}],"curies":[{"name":"wp","href":"https:\/\/api.w.org\/{rel}","templated":true}]}}